{"id":2,"date":"2016-04-22T22:15:17","date_gmt":"2016-04-22T22:15:17","guid":{"rendered":"http:\/\/agraf.com.co\/AAARedinmobiliaria\/?page_id=2"},"modified":"2016-07-06T20:17:54","modified_gmt":"2016-07-07T01:17:54","slug":"reactivos","status":"publish","type":"page","link":"https:\/\/aaa-pw.com\/adq\/reactivos\/","title":{"rendered":"Reactivos Anal\u00edticos"},"content":{"rendered":"<p><img loading=\"lazy\" decoding=\"async\" class=\"alignnone size-medium wp-image-29\" src=\"https:\/\/aaa-pw.com\/adq\/wp-content\/uploads\/2016\/04\/Reactivos22-300x137.png\" alt=\"REACTIVOS ADEQUM\" width=\"300\" height=\"137\" srcset=\"https:\/\/aaa-pw.com\/adq\/wp-content\/uploads\/2016\/04\/Reactivos22-300x137.png 300w, https:\/\/aaa-pw.com\/adq\/wp-content\/uploads\/2016\/04\/Reactivos22-250x114.png 250w, https:\/\/aaa-pw.com\/adq\/wp-content\/uploads\/2016\/04\/Reactivos22-150x68.png 150w, https:\/\/aaa-pw.com\/adq\/wp-content\/uploads\/2016\/04\/Reactivos22.png 700w\" sizes=\"(max-width: 300px) 100vw, 300px\" \/> <img loading=\"lazy\" decoding=\"async\" class=\"alignnone size-medium wp-image-30\" src=\"https:\/\/aaa-pw.com\/adq\/wp-content\/uploads\/2016\/04\/reactivos-merck-millipore1-300x165.jpg\" alt=\"REACTIVOS ADEQUIM\" width=\"300\" height=\"165\" srcset=\"https:\/\/aaa-pw.com\/adq\/wp-content\/uploads\/2016\/04\/reactivos-merck-millipore1-300x165.jpg 300w, https:\/\/aaa-pw.com\/adq\/wp-content\/uploads\/2016\/04\/reactivos-merck-millipore1-250x138.jpg 250w, https:\/\/aaa-pw.com\/adq\/wp-content\/uploads\/2016\/04\/reactivos-merck-millipore1-150x83.jpg 150w, https:\/\/aaa-pw.com\/adq\/wp-content\/uploads\/2016\/04\/reactivos-merck-millipore1.jpg 600w\" sizes=\"(max-width: 300px) 100vw, 300px\" \/><\/p>\n<p style=\"text-align: justify;\">Merck Millipore, cree que calidad dentro implica calidad fuera. \u00c9ste es el motivo por el que los reactivos, compuestos qu\u00edmicos y material de laboratorio est\u00e1n sujetos a estrictos controles durante el desarrollo y la producci\u00f3n para asegurar resultados fiables y reproducibles. Ya sea para an\u00e1lisis o s\u00edntesis, aplicaciones complejas o rutinarias, investigaci\u00f3n o producci\u00f3n, o incluso limpieza o control, le brindamos una selecci\u00f3n de m\u00e1s de 30.000 compuestos qu\u00edmicos y reactivos de primera calidad para facilitar su trabajo diario.<\/p>\n<hr \/>\n<p>&nbsp;<\/p>\n<p><img loading=\"lazy\" decoding=\"async\" class=\"alignnone wp-image-34\" src=\"https:\/\/aaa-pw.com\/adq\/wp-content\/uploads\/2016\/04\/estandares-300x64.jpg\" alt=\"Titrisol, Titropac, Titripure\" width=\"572\" height=\"122\" srcset=\"https:\/\/aaa-pw.com\/adq\/wp-content\/uploads\/2016\/04\/estandares-300x64.jpg 300w, https:\/\/aaa-pw.com\/adq\/wp-content\/uploads\/2016\/04\/estandares-768x164.jpg 768w, https:\/\/aaa-pw.com\/adq\/wp-content\/uploads\/2016\/04\/estandares-250x53.jpg 250w, https:\/\/aaa-pw.com\/adq\/wp-content\/uploads\/2016\/04\/estandares-150x32.jpg 150w, https:\/\/aaa-pw.com\/adq\/wp-content\/uploads\/2016\/04\/estandares.jpg 800w\" sizes=\"(max-width: 572px) 100vw, 572px\" \/><\/p>\n<p style=\"text-align: justify;\">Cuanto mayor es la sensibilidad de detecci\u00f3n de los equipos, m\u00e1s importante es usar reactivos de enorme\u00a0 pureza. Los errores del sistema causados por impurezas en los reactivos auxiliares son dif\u00edciles de cuantificar. Merck Millipore cuenta con una gama especialmente personalizada de patrones y reactivos para satisfacer todos los requisitos de pureza. Descubra nuestros patrones acreditados para calibraci\u00f3n de\u00a0 instrumentos, como Titrisol\u00ae, Titripac\u00ae y Titripur\u00ae.<\/p>\n<blockquote><p><img loading=\"lazy\" decoding=\"async\" class=\"size-full wp-image-37 alignleft\" src=\"https:\/\/aaa-pw.com\/adq\/wp-content\/uploads\/2016\/04\/karl-fischer-b.jpg\" alt=\"Karl Fisher Reactivos\" width=\"230\" height=\"176\" srcset=\"https:\/\/aaa-pw.com\/adq\/wp-content\/uploads\/2016\/04\/karl-fischer-b.jpg 230w, https:\/\/aaa-pw.com\/adq\/wp-content\/uploads\/2016\/04\/karl-fischer-b-196x150.jpg 196w, https:\/\/aaa-pw.com\/adq\/wp-content\/uploads\/2016\/04\/karl-fischer-b-150x115.jpg 150w\" sizes=\"(max-width: 230px) 100vw, 230px\" \/><span style=\"color: #33cccc;\"><br \/>\n<\/span><\/p>\n<h3><span style=\"color: #33cccc;\">Merck Millipore&#8217;s Apura\u00ae reactivos<\/span><\/h3>\n<p style=\"text-align: justify;\">Usados \u00a0para la titulaci\u00f3n de Karl Fischer, el contenido de agua en gases, l\u00edquidos y s\u00f3lidos pueden ser determinados f\u00e1cilmente con una alta confiabilidad y precisi\u00f3n.<br \/>\n<a href=\"https:\/\/aaa-pw.com\/adq\/wp-content\/uploads\/2016\/06\/Merk_Apura.pdf\" target=\"_blank\">Ver el cat\u00e1logo Apura<\/a><\/p>\n<\/blockquote>\n<blockquote><p><img loading=\"lazy\" decoding=\"async\" class=\"size-medium wp-image-36 alignleft\" src=\"https:\/\/aaa-pw.com\/adq\/wp-content\/uploads\/2016\/04\/13668708b-300x178.jpg\" alt=\"Certipur Est\u00e1ndares\" width=\"300\" height=\"178\" srcset=\"https:\/\/aaa-pw.com\/adq\/wp-content\/uploads\/2016\/04\/13668708b-300x178.jpg 300w, https:\/\/aaa-pw.com\/adq\/wp-content\/uploads\/2016\/04\/13668708b-250x148.jpg 250w, https:\/\/aaa-pw.com\/adq\/wp-content\/uploads\/2016\/04\/13668708b-150x89.jpg 150w, https:\/\/aaa-pw.com\/adq\/wp-content\/uploads\/2016\/04\/13668708b.jpg 405w\" sizes=\"(max-width: 300px) 100vw, 300px\" \/><span style=\"color: #33cccc;\"><br \/>\n<\/span><\/p>\n<h3><span style=\"color: #33cccc;\">est\u00e1ndares Certipur\u00ae : Material de referencia y Buffers<\/span><\/h3>\n<p style=\"text-align: justify;\">Para resultados preciso en an\u00e1lisis instrumental, es esencial calibrar sus equipos antes de comenzar a trabajar. Sin embargo, esta calibraci\u00f3n solo es v\u00e1lida si se utilizan materiales de referencia confiables. con Certipur\u00ae, la gama de m\u00e1s alta calidad de Merck Millipore para materiales de referencia, puede asegurar la confiabilidad de sus resultados anal\u00edticos. Los Certipur\u00ae vienen con un certificado de an\u00e1lisis donde se documenta las especificaciones de los par\u00e1metros por lote al igual que toda la informaci\u00f3n m\u00e1s relevante.<br \/>\nA la vez, Merck Millipore est\u00e1 acreditado como productor de Material de Referencia Certificado acorde a la ISO Guide 34 para los est\u00e1ndares de conductividad y los est\u00e1ndares ICP.<br \/>\n<a href=\"http:\/\/www.merckmillipore.com\/CO\/es\/products\/reagents-chemicals-labware\/inorganic-reagents\/instrumental-inorganic-analysis\/certipur-standards-reference-materials-and-buffers\/YVab.qB.v9cAAAE_wQ53.Lxj,nav\" target=\"_blank\">Vea m\u00e1s informaci\u00f3n aqu\u00ed<\/a><\/p>\n<\/blockquote>\n<blockquote>\n<h4><span style=\"color: #33cccc;\">\u2022 Acidos, Bases y Sales. \u2022 S\u00edntesis Org\u00e1nica. \u2022 Indicadores de pH. \u2022 Patrones y Capa Fina. \u2022 Solventes para HPLC. \u2022 Reactivos para an\u00e1lisis UV, Trazas y Titrisoles. \u2022 Soluciones Volum\u00e9tricas. <\/span><\/h4>\n<\/blockquote>\n","protected":false},"excerpt":{"rendered":"<p>Merck Millipore, cree que calidad dentro implica calidad fuera. \u00c9ste es el motivo por el que los reactivos, compuestos qu\u00edmicos y material de laboratorio est\u00e1n sujetos a estrictos controles durante el desarrollo y la producci\u00f3n para asegurar resultados fiables y reproducibles. Ya sea para an\u00e1lisis o s\u00edntesis, aplicaciones complejas o\u2026<\/p>\n<p class=\"continue-reading-button\"> <a class=\"continue-reading-link\" href=\"https:\/\/aaa-pw.com\/adq\/reactivos\/\">Mas Informaci\u00f3n<i class=\"crycon-right-dir\"><\/i><\/a><\/p>\n","protected":false},"author":1,"featured_media":0,"parent":0,"menu_order":0,"comment_status":"closed","ping_status":"open","template":"templates\/template-twocolumns-right.php","meta":{"footnotes":""},"class_list":["post-2","page","type-page","status-publish","hentry"],"_links":{"self":[{"href":"https:\/\/aaa-pw.com\/adq\/wp-json\/wp\/v2\/pages\/2"}],"collection":[{"href":"https:\/\/aaa-pw.com\/adq\/wp-json\/wp\/v2\/pages"}],"about":[{"href":"https:\/\/aaa-pw.com\/adq\/wp-json\/wp\/v2\/types\/page"}],"author":[{"embeddable":true,"href":"https:\/\/aaa-pw.com\/adq\/wp-json\/wp\/v2\/users\/1"}],"replies":[{"embeddable":true,"href":"https:\/\/aaa-pw.com\/adq\/wp-json\/wp\/v2\/comments?post=2"}],"version-history":[{"count":29,"href":"https:\/\/aaa-pw.com\/adq\/wp-json\/wp\/v2\/pages\/2\/revisions"}],"predecessor-version":[{"id":247,"href":"https:\/\/aaa-pw.com\/adq\/wp-json\/wp\/v2\/pages\/2\/revisions\/247"}],"wp:attachment":[{"href":"https:\/\/aaa-pw.com\/adq\/wp-json\/wp\/v2\/media?parent=2"}],"curies":[{"name":"wp","href":"https:\/\/api.w.org\/{rel}","templated":true}]}}