{"id":60,"date":"2016-06-18T11:53:38","date_gmt":"2016-06-18T16:53:38","guid":{"rendered":"https:\/\/aaa-pw.com\/adq\/?page_id=60"},"modified":"2016-07-06T20:26:12","modified_gmt":"2016-07-07T01:26:12","slug":"analitica_ambiental","status":"publish","type":"page","link":"https:\/\/aaa-pw.com\/adq\/analitica_ambiental\/","title":{"rendered":"Anal\u00edtica Ambiental"},"content":{"rendered":"<p>Con m\u00e1s de 100 a\u00f1os de experiencia en el campo de la anal\u00edtica, Merck Millipore sabe lo que usted necesita de los kits de ensayo, \u00a0las tiras reactivas y los sistemas fotom\u00e9tricos: precisi\u00f3n, velocidad y facilidad de manejo. Y esto es precisamente lo que aportan\u00a0nuestras soluciones. Producimos la m\u00e1s extensa gama de kits de ensayo listos para usar, ofreciendo soluciones innovadoras y\u00a0aseguramiento de calidad de principio a fin, combinados con un s\u00f3lido servicio t\u00e9cnico.<br \/>\nYa sean para an\u00e1lisis del agua, para la medici\u00f3n de par\u00e1metros alimentarios espec\u00edficos o para el control de los procesos de\u00a0producci\u00f3n, nuestros r\u00e1pidos ensayos est\u00e1n dise\u00f1ados para asegurar su \u00e9xito.<br \/>\n<a href=\"https:\/\/aaa-pw.com\/adq\/wp-content\/uploads\/2016\/06\/Merk_aguas_y_alimentos.pdf\" target=\"_blank\">Aqu\u00ed, Completo Cat\u00e1logo de productos para an\u00e1lisis de aguas.<\/a><\/p>\n<blockquote><p><img loading=\"lazy\" decoding=\"async\" class=\"size-full wp-image-37 alignleft\" src=\"https:\/\/aaa-pw.com\/adq\/wp-content\/uploads\/2016\/06\/prove-b.jpg\" alt=\"Espectofot\u00f3metro Prove\" width=\"230\" height=\"176\" \/><span style=\"color: #33cccc;\"><br \/>\n<\/span><\/p>\n<h3><span style=\"color: #33cccc;\">Merck Spectroquant\u00ae Prove\u00a0, Espectofot\u00f3metro.<\/span><\/h3>\n<p style=\"text-align: justify;\">La herramienta perfecta para el an\u00e1lisis de aguas; que integra la simplicidad que quiere, con la seguridad que necesita, y la durabilidad que usted espera. Spectroquant\u00ae\u00a0 Prove, ofrece todo esto y m\u00e1s. Sus intuitivos controles y nuestros populares kits spectroquant\u00ae, hacen que los an\u00e1lisis sean m\u00e1s f\u00e1ciles que nunca. Spectroquant\u00ae Prove, \u00a1hace m\u00e1s simple su flujo de trabajo!<br \/>\n<a href=\"https:\/\/aaa-pw.com\/adq\/wp-content\/uploads\/2016\/06\/Merck_PROVE.pdf\" target=\"_blank\">M\u00e1s Informaci\u00f3n\u00a0Spectroquant\u00ae Prove aqu\u00ed.<\/a><\/p>\n<\/blockquote>\n<blockquote><p><img loading=\"lazy\" decoding=\"async\" class=\"size-medium wp-image-36 alignleft\" src=\"https:\/\/aaa-pw.com\/adq\/wp-content\/uploads\/2016\/06\/move-pq.jpg\" alt=\"Certipur Est\u00e1ndares\" width=\"300\" height=\"178\" \/><span style=\"color: #33cccc;\"><br \/>\n<\/span><\/p>\n<h3><span style=\"color: #33cccc;\">The Spectroquant\u00ae Move 100, Kit Anal\u00edtico.<\/span><\/h3>\n<p style=\"text-align: justify;\">The Spectroquant\u00ae Move 100 es todo lo que usted necesita para el an\u00e1lisis de aguas de forma r\u00e1pida y confiable. Esto es porque este color\u00edmetro port\u00e1til tiene todos los par\u00e1metros m\u00e1s importantes para agua potable y residual en un solo instrumento. Con m\u00e1s de 100 m\u00e9todos programados y 35 disponibles para programar. Esto se traduce en agilidad en el resultado, no m\u00e1s riesgo en deterioro de la muestra y no requiere\u00a0\u00a0equipos adicionales.<br \/>\n<a href=\"https:\/\/aaa-pw.com\/adq\/wp-content\/uploads\/2016\/06\/Merck_MOVE_100.pdf\" target=\"_blank\">M\u00e1s Informaci\u00f3n\u00a0Spectroquant\u00ae \u00a0Move, aqu\u00ed.<\/a><\/p>\n<\/blockquote>\n<blockquote><p><img loading=\"lazy\" decoding=\"async\" class=\"size-full wp-image-37 alignleft\" src=\"https:\/\/aaa-pw.com\/adq\/wp-content\/uploads\/2016\/06\/merckoquant_462.jpg\" alt=\"VARILLAS DE PRUEBA \" width=\"230\" height=\"176\" \/><span style=\"color: #33cccc;\"><br \/>\n<\/span><\/p>\n<h3><span style=\"color: #33cccc;\">Merck Mquant\u00ae , Varillas de Prueba Ionica .<\/span><\/h3>\n<p style=\"text-align: justify;\">De alta tecnolog\u00eda y port\u00e1til, varillas reactivas MQuant\u2122 est\u00e1n dise\u00f1adas para la determinaci\u00f3n semi &#8211; cuantitativa de iones y compuestos &#8211; donde quiera que vaya. Estas varillas vers\u00e1tiles se pueden utilizar en rangos de concentraci\u00f3n tan baja como 1 o 10 mg \/ l, hasta el g \/ l .<br \/>\nVarillas MQuant\u2122 le permiten ejecutar un examen r\u00e1pido de los contenidos de la muestra. Esto le ahorra mucho tiempo y costos durante los an\u00e1lisis, controles de calidad y los controles en proceso. Gracias al material de soporte de pel\u00edcula de PET y al bajo contenido de reactivo, las varillas de ensayo son tambi\u00e9n f\u00e1ciles de eliminar.!<\/p>\n<\/blockquote>\n<blockquote><p><img loading=\"lazy\" decoding=\"async\" class=\"wp-image-36 alignleft\" src=\"https:\/\/aaa-pw.com\/adq\/wp-content\/uploads\/2016\/06\/microquant-x-2.jpg\" alt=\"Mcolortest\" width=\"212\" height=\"333\" \/><span style=\"color: #33cccc;\"><br \/>\n<\/span><\/p>\n<h3><span style=\"color: #33cccc;\">The MColorTest\u00ae, Kit Anal\u00edtico aguas.<\/span><\/h3>\n<p style=\"text-align: justify;\">Con los kits de ensayo MColortest\u2122, usted puede esperar mediciones excepcionales &#8211; una y otra vez. Esto es gracias a la brillantez \u00fanica de las tarjetas de color. Esto simplifica la asignaci\u00f3n de los valores del color establecido para garantizar an\u00e1lisis precisos. De hecho, los tests son tan f\u00e1ciles de usar que no requieren una formaci\u00f3n especial. S\u00f3lo tiene que seguir las instrucciones ilustradas proporcionadas.<br \/>\nKits de ensayo MColortest\u2122 se verifican con soluciones est\u00e1ndar certificadas, las que son trazables directamente a los materiales de referencia primarios procedentes de NIST y PTB. As\u00ed, a pesar de su simplicidad, ofrecen los m\u00e1s altos est\u00e1ndares de confiabilidad. Esto se corresponde con una excelente estabilidad.<br \/>\nLos kits tienen una vida \u00fatil de hasta tres a\u00f1os cuando se almacenan entre 15 y 25\u00b0C. La econom\u00eda es otro punt o a destacar de los tests MColortest\u2122. Envases de repuesto est\u00e1n disponibles para muchos de los kits. Estos no s\u00f3lo reducen sus costos por determinaci\u00f3n, sino tambi\u00e9n reducen la carga ambiental.<\/p>\n<\/blockquote>\n<blockquote>\n<h4><span style=\"color: #33cccc;\">\u2022 Indicadores de pH. \u2022 Patrones y Capa Fina. \u2022 Solventes para HPLC. \u2022 Reactivos para an\u00e1lisis UV, Trazas y Titrisoles. \u2022 Soluciones Volum\u00e9tricas. <\/span><\/h4>\n<\/blockquote>\n","protected":false},"excerpt":{"rendered":"<p>Con m\u00e1s de 100 a\u00f1os de experiencia en el campo de la anal\u00edtica, Merck Millipore sabe lo que usted necesita de los kits de ensayo, \u00a0las tiras reactivas y los sistemas fotom\u00e9tricos: precisi\u00f3n, velocidad y facilidad de manejo. Y esto es precisamente lo que aportan\u00a0nuestras soluciones. Producimos la m\u00e1s extensa\u2026<\/p>\n<p class=\"continue-reading-button\"> <a class=\"continue-reading-link\" href=\"https:\/\/aaa-pw.com\/adq\/analitica_ambiental\/\">Mas Informaci\u00f3n<i class=\"crycon-right-dir\"><\/i><\/a><\/p>\n","protected":false},"author":1,"featured_media":0,"parent":0,"menu_order":0,"comment_status":"closed","ping_status":"closed","template":"templates\/template-twocolumns-right.php","meta":{"footnotes":""},"class_list":["post-60","page","type-page","status-publish","hentry"],"_links":{"self":[{"href":"https:\/\/aaa-pw.com\/adq\/wp-json\/wp\/v2\/pages\/60"}],"collection":[{"href":"https:\/\/aaa-pw.com\/adq\/wp-json\/wp\/v2\/pages"}],"about":[{"href":"https:\/\/aaa-pw.com\/adq\/wp-json\/wp\/v2\/types\/page"}],"author":[{"embeddable":true,"href":"https:\/\/aaa-pw.com\/adq\/wp-json\/wp\/v2\/users\/1"}],"replies":[{"embeddable":true,"href":"https:\/\/aaa-pw.com\/adq\/wp-json\/wp\/v2\/comments?post=60"}],"version-history":[{"count":22,"href":"https:\/\/aaa-pw.com\/adq\/wp-json\/wp\/v2\/pages\/60\/revisions"}],"predecessor-version":[{"id":251,"href":"https:\/\/aaa-pw.com\/adq\/wp-json\/wp\/v2\/pages\/60\/revisions\/251"}],"wp:attachment":[{"href":"https:\/\/aaa-pw.com\/adq\/wp-json\/wp\/v2\/media?parent=60"}],"curies":[{"name":"wp","href":"https:\/\/api.w.org\/{rel}","templated":true}]}}