{"id":96,"date":"2016-06-19T05:49:00","date_gmt":"2016-06-19T10:49:00","guid":{"rendered":"https:\/\/aaa-pw.com\/adq\/?page_id=96"},"modified":"2016-07-06T20:46:10","modified_gmt":"2016-07-07T01:46:10","slug":"microbiologia","status":"publish","type":"page","link":"https:\/\/aaa-pw.com\/adq\/microbiologia\/","title":{"rendered":"Microbiolog\u00eda"},"content":{"rendered":"<h2><span style=\"color: #33cccc;\">Soluciones para Evaluaci\u00f3n Microbiol\u00f3gica<\/span><\/h2>\n<p style=\"text-align: justify;\">M\u00e1s all\u00e1 de una gama completa de soluciones de ensayo microbiol\u00f3gico de gran calidad para las industrias farmac\u00e9utica, cosm\u00e9tica,\u00a0de agua municipal, bebidas y alimentos, tambi\u00e9n proporcionamos experiencia normativa, un servicio sustancial y confianza para\u00a0conseguir un resultado de valor incalculable: productos seguros.<\/p>\n<blockquote><p><img loading=\"lazy\" decoding=\"async\" class=\"alignleft wp-image-37\" src=\"https:\/\/aaa-pw.com\/adq\/wp-content\/uploads\/2016\/06\/granucultivos2.jpg\" alt=\"Medios de Cultivo\" width=\"250\" height=\"313\" \/><span style=\"color: #33cccc;\"><br \/>\n<\/span><\/p>\n<h3><span style=\"color: #33cccc;\">Merck Millipore : Medios de Cultivo<\/span><\/h3>\n<p style=\"text-align: justify;\">Merck Millipore lleva desarrollando medios de cultivo innovadores durante\u00a0mucho tiempo y ahora establece la norma con su experiencia y pericia. Se ha\u00a0convertido en un l\u00edder de confianza para la provisi\u00f3n de medios de cultivo de\u00a0gran calidad de manera espec\u00edfica para la industria farmac\u00e9utica, industria\u00a0cosm\u00e9tica, la industria alimentaria y la industria de las bebidas<br \/>\nLas formulaciones de vanguardia de sus medios de cultivo para aplicaciones\u00a0microbiol\u00f3gicas en esas industrias abarcan:<br \/>\n\u00b7 Medios de cultivo deshidratados en forma de gr\u00e1nulos con poco polvo<br \/>\n\u00b7 Medios l\u00edquidos listos para usar y medios s\u00f3lidos (agar) listos para\u00a0usar<\/p>\n<p>Merck Millipore proporciona sus medios de cultivo en una amplia variedad de<br \/>\nformatos, formulaciones y tama\u00f1o. Si bien hay productos que pueden usarse\u00a0flex\u00edblemente para una variedad de prop\u00f3sitos, otros se han desarrollado para\u00a0aplicaciones o instrumentos espec\u00edficos de la industria como parte de\u00a0soluciones completas dise\u00f1adas para reconciliar los requisitos normativos y\u00a0las exigencias de seguridad de los consumidores con la necesidad de mejorar\u00a0los flujos de trabajo y mejorar la productividad. \u00a0 \u00a0<a href=\"http:\/\/www.merckmillipore.com\/CO\/es\/products\/industrial-microbiology\/culture-media\/dLWb.qB.5kgAAAFAX8JkiQpx,nav\" target=\"_blank\">Mayor informaci\u00f3n Aqu\u00ed <\/a><\/p><\/blockquote>\n<blockquote><p><img loading=\"lazy\" decoding=\"async\" class=\"wp-image-112 size-medium alignleft\" src=\"https:\/\/aaa-pw.com\/adq\/wp-content\/uploads\/2016\/06\/MAS100-NT-243x300.jpg\" alt=\"MAS100 NT MERCK\" width=\"243\" height=\"300\" srcset=\"https:\/\/aaa-pw.com\/adq\/wp-content\/uploads\/2016\/06\/MAS100-NT.jpg 243w, https:\/\/aaa-pw.com\/adq\/wp-content\/uploads\/2016\/06\/MAS100-NT-122x150.jpg 122w\" sizes=\"(max-width: 243px) 100vw, 243px\" \/><span style=\"color: #33cccc;\"><br \/>\n<\/span><\/p>\n<h3><span style=\"color: #33cccc;\">MAS 100 NT\u00ae Sistema de Monitoreo Microbiol\u00f3gico del Aire.<\/span><\/h3>\n<p style=\"text-align: justify;\">MAS-100NT\u00ae tiene desempe\u00f1o de alto rendimiento de aspiraci\u00f3n y flujo de aire muestreado, regulando autom\u00e1ticamente a un volumen de 100 L\/min de forma autom\u00e1tica, asegurando resultados comparables y evitando desviaciones por la acci\u00f3n de cambios de temperatura y presi\u00f3n. \u00a0<a href=\"https:\/\/aaa-pw.com\/adq\/wp-content\/uploads\/2016\/06\/Merck_MAS_100.pdf\" target=\"_blank\">Consulte aqu\u00ed el cat\u00e1logo.<\/a><\/p>\n<\/blockquote>\n<p>&nbsp;<\/p>\n<blockquote><p><img loading=\"lazy\" decoding=\"async\" class=\"wp-image-103 size-medium alignleft\" src=\"https:\/\/aaa-pw.com\/adq\/wp-content\/uploads\/2016\/06\/STERIKON-300x280.jpg\" alt=\"Sterikon\u00ae Plus Merck\" width=\"300\" height=\"280\" srcset=\"https:\/\/aaa-pw.com\/adq\/wp-content\/uploads\/2016\/06\/STERIKON-300x280.jpg 300w, https:\/\/aaa-pw.com\/adq\/wp-content\/uploads\/2016\/06\/STERIKON-161x150.jpg 161w, https:\/\/aaa-pw.com\/adq\/wp-content\/uploads\/2016\/06\/STERIKON-150x140.jpg 150w, https:\/\/aaa-pw.com\/adq\/wp-content\/uploads\/2016\/06\/STERIKON.jpg 322w\" sizes=\"(max-width: 300px) 100vw, 300px\" \/><span style=\"color: #33cccc;\"><br \/>\n<\/span><\/p>\n<h3><span style=\"color: #33cccc;\">Sterikon\u00ae Plus bioindicador<br \/>\npara autoclaves<\/span><\/h3>\n<p style=\"text-align: justify;\">Este test le permite\u00a0conocer la condici\u00f3n de esterilidad de su autoclave, asegurando mayor calidad en sus bioprocedimientos de laboratorio.<br \/>\n<a href=\"https:\/\/aaa-pw.com\/adq\/wp-content\/uploads\/2016\/06\/Merck_Sterikon.pdf\" target=\"_blank\">Mayor informaci\u00f3n, Consulte aqu\u00ed el cat\u00e1logo.<\/a><\/p>\n<\/blockquote>\n<blockquote>\n<h4><span style=\"color: #33cccc;\">\u2022 Acidos, Bases y Sales. \u2022 S\u00edntesis Org\u00e1nica. \u2022 Indicadores de pH. \u2022 Patrones y Capa Fina. \u2022 Solventes para HPLC. \u2022 Reactivos para an\u00e1lisis UV, Trazas y Titrisoles. \u2022 Soluciones Volum\u00e9tricas. <\/span><\/h4>\n<\/blockquote>\n","protected":false},"excerpt":{"rendered":"<p>Soluciones para Evaluaci\u00f3n Microbiol\u00f3gica M\u00e1s all\u00e1 de una gama completa de soluciones de ensayo microbiol\u00f3gico de gran calidad para las industrias farmac\u00e9utica, cosm\u00e9tica,\u00a0de agua municipal, bebidas y alimentos, tambi\u00e9n proporcionamos experiencia normativa, un servicio sustancial y confianza para\u00a0conseguir un resultado de valor incalculable: productos seguros. Merck Millipore : Medios de\u2026<\/p>\n<p class=\"continue-reading-button\"> <a class=\"continue-reading-link\" href=\"https:\/\/aaa-pw.com\/adq\/microbiologia\/\">Mas Informaci\u00f3n<i class=\"crycon-right-dir\"><\/i><\/a><\/p>\n","protected":false},"author":1,"featured_media":0,"parent":0,"menu_order":0,"comment_status":"closed","ping_status":"closed","template":"templates\/template-twocolumns-right.php","meta":{"footnotes":""},"class_list":["post-96","page","type-page","status-publish","hentry"],"_links":{"self":[{"href":"https:\/\/aaa-pw.com\/adq\/wp-json\/wp\/v2\/pages\/96"}],"collection":[{"href":"https:\/\/aaa-pw.com\/adq\/wp-json\/wp\/v2\/pages"}],"about":[{"href":"https:\/\/aaa-pw.com\/adq\/wp-json\/wp\/v2\/types\/page"}],"author":[{"embeddable":true,"href":"https:\/\/aaa-pw.com\/adq\/wp-json\/wp\/v2\/users\/1"}],"replies":[{"embeddable":true,"href":"https:\/\/aaa-pw.com\/adq\/wp-json\/wp\/v2\/comments?post=96"}],"version-history":[{"count":30,"href":"https:\/\/aaa-pw.com\/adq\/wp-json\/wp\/v2\/pages\/96\/revisions"}],"predecessor-version":[{"id":256,"href":"https:\/\/aaa-pw.com\/adq\/wp-json\/wp\/v2\/pages\/96\/revisions\/256"}],"wp:attachment":[{"href":"https:\/\/aaa-pw.com\/adq\/wp-json\/wp\/v2\/media?parent=96"}],"curies":[{"name":"wp","href":"https:\/\/api.w.org\/{rel}","templated":true}]}}